{"id":776,"date":"2024-09-01T13:53:59","date_gmt":"2024-09-01T12:53:59","guid":{"rendered":"https:\/\/douglaska.cz\/?page_id=776"},"modified":"2024-12-04T13:47:02","modified_gmt":"2024-12-04T12:47:02","slug":"informace-pro-novacky","status":"publish","type":"page","link":"https:\/\/douglaska.cz\/?page_id=776","title":{"rendered":"Informace pro nov\u00e1\u010dky"},"content":{"rendered":"\n    \n    <section class=\"u-align-center u-clearfix u-container-align-center u-section-2\" id=\"sec-ec2e\">\n      <div class=\"u-clearfix u-sheet u-sheet-1\">\n        <h5 class=\"u-align-center u-text u-text-default u-text-1\">\u010cihadla<\/h5>\n        <h2 class=\"u-align-center u-text u-text-default u-text-2\">Informace pro nov\u00e1\u010dky<\/h2>\n        <p class=\"u-align-center u-text u-text-3\"><b>Po p\u0159ihl\u00e1\u0161en\u00ed d\u00edt\u011bte do odd\u00edlu se rodi\u010d\u016fm \u010dasto vyno\u0159\u00ed v mysli spoustu ot\u00e1zek ohledn\u011b toho, jak odd\u00edl funguje, co v\u0161e je pot\u0159eba za\u0159\u00eddit nebo t\u0159eba kde koupit vybaven\u00ed. V n\u00e1sleduj\u00edc\u00edch \u0159\u00e1dc\u00edch se proto pokus\u00edme shrnout nejd\u016fle\u017eit\u011bj\u0161\u00ed informace a praktick\u00e9 tipy, je\u017e by se mohly rodi\u010d\u016fm nov\u00e1\u010dk\u016f hodit<br><\/b>\n          <br><b><\/b>\n        <\/p>\n      <\/div>\n    <\/section>\n    <section class=\"u-clearfix u-section-3\" id=\"sec-4379\">\n      <div class=\"u-clearfix u-sheet u-valign-middle-lg u-valign-middle-md u-valign-middle-sm u-valign-middle-xl u-sheet-1\">\n        <div class=\"u-expanded-width u-list u-list-1\">\n          <div class=\"u-repeater u-repeater-1\">\n            <div class=\"u-border-2 u-border-grey-75 u-border-no-left u-border-no-right u-border-no-top u-container-style u-list-item u-repeater-item\">\n              <div class=\"u-container-layout u-similar-container u-container-layout-1\">\n                <h5 class=\"u-align-center-xs u-text u-text-1\"> KDO JSME?<\/h5>\n                <p class=\"u-align-left-xs u-text u-text-2\"> Va\u0161e d\u00edt\u011b je \u010dlenem 21. odd\u00edlu vl\u010dat a sv\u011btlu\u0161ek \u010cihadla, je\u017e je pojmenov\u00e1n po p\u0159\u00edrodn\u00edm parku Kl\u00e1novice - \u010cihadla nach\u00e1zej\u00edc\u00edm se tady u n\u00e1s na Praze 9. N\u00e1\u0161 odd\u00edl sdru\u017euje holky a kluky v\u011bku prvn\u00edho stupn\u011b Z\u0160. Kdy\u017e u n\u00e1s d\u011bti dos\u00e1hnou v\u011bku 10\/11 let, p\u0159ech\u00e1z\u00ed potom do 22. odd\u00edlu skaut\u016f a skautek Vidrholec. Oba odd\u00edly spadaj\u00ed pod 23. st\u0159edisko Douglaska, je\u017e je jednotkou Jun\u00e1ka - \u010desk\u00e9ho skauta, nejv\u011bt\u0161\u00ed organizace pro d\u011bti a ml\u00e1de\u017e v \u010cR.Skauting \u2013 to jsou z\u00e1\u017eitky, kamar\u00e1di a spole\u010denstv\u00ed lid\u00ed, kte\u0159\u00ed sd\u00edlej\u00ed podobn\u00e9 hodnoty. Z\u00e1rove\u0148 tak\u00e9 zodpov\u011bdnost a p\u0159\u00edle\u017eitost rozv\u00edjet nejen sebe, ale i sv\u00e9 okol\u00ed. Vyr\u016fstat ve skautsk\u00e9m odd\u00edle znamen\u00e1 chopit se \u0161ance \u017e\u00edt naplno. B\u00fdt aktivn\u00ed a naj\u00edt vlastn\u00ed m\u00edsto ve sv\u011bt\u011b. Skautsk\u00e1 v\u00fdchova ct\u00ed p\u0159edev\u0161\u00edm tyto hodnoty: hr\u00e1t f\u00e9r, spolupracovat s ostatn\u00edmi, b\u00fdt ohledupln\u00fd k okoln\u00edmu prost\u0159ed\u00ed, m\u00edt vztah k p\u0159\u00edrod\u011b. Hodnoty p\u0159ed\u00e1v\u00e1me d\u011btem prost\u0159ednictv\u00edm her, z\u00e1\u017eitk\u016f, aktivit a dal\u0161\u00edch \u010dinnost\u00ed.<\/p>\n              <\/div>\n            <\/div>\n          <\/div>\n        <\/div>\n      <\/div>\n    <\/section>\n    <section class=\"u-clearfix u-section-4\" id=\"sec-5bc1\">\n      <div class=\"u-clearfix u-sheet u-valign-middle-lg u-valign-middle-md u-valign-middle-sm u-valign-middle-xl u-sheet-1\">\n        <div class=\"u-expanded-width u-list u-list-1\">\n          <div class=\"u-repeater u-repeater-1\">\n            <div class=\"u-border-2 u-border-grey-75 u-border-no-left u-border-no-right u-border-no-top u-container-style u-list-item u-repeater-item\">\n              <div class=\"u-container-layout u-similar-container u-container-layout-1\">\n                <h5 class=\"u-align-center-xs u-text u-text-1\"> KDO JSOU VEDOUC\u00cd V ODD\u00cdLE?<\/h5>\n                <p class=\"u-text u-text-2\"> Aktu\u00e1ln\u00ed hlavn\u00ed vedouc\u00ed odd\u00edlu je Anna Sedl\u00e1\u010dkov\u00e1, jej\u00ed z\u00e1stupkyn\u00ed je Eli\u0161ka M\u00e1drov\u00e1. Spole\u010dn\u011b s ostatn\u00edmi dosp\u011bl\u00fdmi vedouc\u00edmi p\u0159ipravujeme program, vym\u00fd\u0161l\u00edme akce a sna\u017e\u00edme se b\u00fdt d\u011btem v\u017edy oporou.S veden\u00edm n\u00e1m d\u00e1le pom\u00e1haj\u00ed r\u00e1dci, co\u017e jsou n\u00e1ctilet\u00ed, kte\u0159\u00ed takt\u00e9\u017e d\u0159\u00edve pro\u0161li na\u0161\u00edm st\u0159ediskem jako d\u011bti a nyn\u00ed maj\u00ed chu\u0165 d\u00e1le p\u0159ed\u00e1vat, co se sami nau\u010dili. Postupn\u011b se u\u010d\u00ed odpov\u011bdnosti a z\u00edsk\u00e1vaj\u00ed zku\u0161enosti, aby a\u017e budou dosp\u011bl\u00ed, mohli odd\u00edl v\u00e9st samostatn\u011b a vyst\u0159\u00eddat vedouc\u00ed v jejich rol\u00edch.Vedouc\u00ed a r\u00e1dci d\u011blaj\u00ed v\u0161echnu \u010dinnost dobrovoln\u011b ve sv\u00e9m voln\u00e9m \u010dase \u010dasto vedle studia S\u0160, V\u0160 nebo i p\u0159i zam\u011bstn\u00e1n\u00ed. Za svou pr\u00e1ci nedost\u00e1vaj\u00ed \u017e\u00e1dn\u00fd honor\u00e1\u0159.<br>Ve\u0161ker\u00e9 pot\u0159ebn\u00e9 kontakty naleznete v p\u0159\u00edslu\u0161n\u00e9 sekci na na\u0161em webu.\n                <\/p>\n              <\/div>\n            <\/div>\n          <\/div>\n        <\/div>\n      <\/div>\n    <\/section>\n    <section class=\"u-clearfix u-section-5\" id=\"sec-831a\">\n      <div class=\"u-clearfix u-sheet u-valign-middle u-sheet-1\">\n        <div class=\"u-expanded-width u-list u-list-1\">\n          <div class=\"u-repeater u-repeater-1\">\n            <div class=\"u-border-2 u-border-grey-75 u-border-no-left u-border-no-right u-border-no-top u-container-style u-list-item u-repeater-item\">\n              <div class=\"u-container-layout u-similar-container u-container-layout-1\">\n                <h5 class=\"u-align-center-xs u-text u-text-1\"> JAK \u010cASTO SE SCH\u00c1Z\u00cdME?<\/h5>\n                <p class=\"u-text u-text-2\"> Dru\u017einov\u00e9 sch\u016fzky prob\u00edhaj\u00ed pravideln\u011b jednou t\u00fddn\u011b a trvaj\u00ed 1,5 hodiny. N\u00e1\u0161 odd\u00edl m\u00e1 aktu\u00e1ln\u011b 4 dru\u017einy - Dvouna\u017eky, Ka\u0161tany, \u0160i\u0161ky a Vrchol\u00edky. Dru\u017eina je vlastn\u011b men\u0161\u00ed skupinka podobn\u011b star\u00fdch holek a kluk\u016f, kterou maj\u00ed na starosti ur\u010dit\u00ed r\u00e1dci a jeden vedouc\u00ed. Sch\u00e1z\u00edme se v klubovn\u011b na s\u00eddli\u0161ti Roho\u017en\u00edk (\u017d\u00e1rovick\u00e1 2732, vstup z ulice \u017deretick\u00e1). Na sch\u016fzk\u00e1ch hrajeme r\u016fzn\u00e9 hry, u\u010d\u00edme se praktick\u00fdm dovednostem i pozn\u00e1vat p\u0159\u00edrodu.<br>Pokud d\u00edt\u011b na sch\u016fzku nem\u016f\u017ee, je dobr\u00e9 jej omluvit u p\u0159\u00edslu\u0161n\u00e9ho vedouc\u00edho.\n                <\/p>\n              <\/div>\n            <\/div>\n          <\/div>\n        <\/div>\n      <\/div>\n    <\/section>\n    <section class=\"u-clearfix u-section-6\" id=\"sec-5c41\">\n      <div class=\"u-clearfix u-sheet u-valign-middle u-sheet-1\">\n        <div class=\"u-expanded-width u-list u-list-1\">\n          <div class=\"u-repeater u-repeater-1\">\n            <div class=\"u-border-2 u-border-grey-75 u-border-no-left u-border-no-right u-border-no-top u-container-style u-list-item u-repeater-item\">\n              <div class=\"u-container-layout u-similar-container u-container-layout-1\">\n                <h5 class=\"u-align-center-xs u-text u-text-1\"> CO NOSIT NA SCH\u016eZKU?<\/h5>\n                <p class=\"u-text u-text-2\"> Pokud vedouc\u00ed dru\u017einy ne\u0159ekne jinak, plat\u00ed, \u017ee na sch\u016fzku d\u011bti nos\u00ed:<\/p>\n                <ul class=\"u-custom-item u-text u-text-3\">\n                  <li>oble\u010den\u00ed na ven dle po\u010das\u00ed, kter\u00e9 nevad\u00ed, kdy\u017e se uma\u017ee<\/li>\n                  <li>lahev s pit\u00edm<\/li>\n                  <li>p\u0159ez\u016fvky dovnit\u0159<\/li>\n                  <li>z\u00e1pisn\u00edk - ide\u00e1ln\u011b s tvrd\u00fdmi deskami<\/li>\n                  <li>psac\u00ed pot\u0159eby<\/li>\n                  <li>uzlova\u010dku<\/li>\n                  <li>skautsk\u00fd \u0161\u00e1tek - pokud budete kupovat nov\u00fd, po\u0159i\u010fte \u017elut\u00fd s modr\u00fdm lemem. Pokud budete m\u00edt \u0161\u00e1tek z druh\u00e9 ruky, je v po\u0159\u00e1dku i \u010dist\u011b \u017elut\u00fd. Turb\u00e1nek na \u0161\u00e1tek nen\u00ed nutnost\u00ed, c\u00edpy se daj\u00ed sv\u00e1zat i uzlem dobr\u00e9ho skutku (zav\u00e1\u017eeme na sch\u016fzce).<\/li>\n                  <li>stezku (Nov\u00e1\u010dka), co\u017e je \u017elut\u00fd pracovn\u00ed se\u0161it, kter\u00fd od n\u00e1s d\u011bti dostanou<\/li>\n                <\/ul>\n              <\/div>\n            <\/div>\n          <\/div>\n        <\/div>\n      <\/div>\n    <\/section>\n    <section class=\"u-clearfix u-section-7\" id=\"sec-69bb\">\n      <div class=\"u-clearfix u-sheet u-valign-middle u-sheet-1\">\n        <div class=\"u-expanded-width u-list u-list-1\">\n          <div class=\"u-repeater u-repeater-1\">\n            <div class=\"u-border-2 u-border-grey-75 u-border-no-left u-border-no-right u-border-no-top u-container-style u-list-item u-repeater-item\">\n              <div class=\"u-container-layout u-similar-container u-container-layout-1\">\n                <h5 class=\"u-align-center-xs u-text u-text-1\"> JAK \u010cASTO JEZD\u00cdME NA AKCE?<\/h5>\n                <p class=\"u-text u-text-2\"> Sna\u017e\u00edme se, aby ka\u017ed\u00fd m\u011bs\u00edc krom sch\u016fzek prob\u011bhla alespo\u0148 jedna v\u011bt\u0161\u00ed akce, kam v\u011bt\u0161inou jede cel\u00fd odd\u00edl nebo t\u0159eba dv\u011b dru\u017einy spolu. M\u016f\u017ee se jednat o jednodenn\u00ed v\u00fdlety nebo v\u00edkendov\u00e9 v\u00fdpravy s p\u0159esp\u00e1n\u00edm. Na v\u00edkendov\u00e9 v\u00fdpravy jezd\u00edme zpravidla do jin\u00fdch skautsk\u00fdch z\u00e1kladen po \u010cR. V teplej\u0161\u00edch m\u011bs\u00edc\u00edch sp\u00edme n\u011bkdy i venku.V l\u00e9t\u011b se potom kon\u00e1 10denn\u00ed t\u00e1bor v podsadov\u00fdch stanech na \u0160umav\u011b.Akce nejsou povinn\u00e9, hlavn\u011b nov\u00e1\u010dky a mlad\u0161\u00ed \u010dleny nechceme do ni\u010deho nutit. V\u017edy je na zv\u00e1\u017een\u00ed rodi\u010de spolu s d\u00edt\u011btem, zda na akci ratolest po\u0161le. Nicm\u00e9n\u011b je vhodn\u00e9, kdy\u017e d\u011bti k \u00fa\u010dasti na v\u00fdprav\u00e1ch a t\u00e1borech \u010dasem v odd\u00edle dosp\u011bj\u00ed. P\u0159eci jen tam m\u00e1me mnohem v\u00edce prostoru a \u010dasu ne\u017e na sch\u016fzk\u00e1ch b\u011bhem t\u00fddne.Na v\u00fdprav\u00e1ch a t\u00e1borech vyr\u00e1\u017e\u00edme na p\u011b\u0161\u00ed v\u00fdlety, hrajeme del\u0161\u00ed a slo\u017eit\u011bj\u0161\u00ed hry, vyr\u00e1b\u00edme. Z\u00e1rove\u0148 je pro n\u00e1s d\u016fle\u017eit\u00e9, aby se d\u011bti pod\u00edlely na chodu akc\u00ed, tak\u017ee pom\u00e1haj\u00ed p\u0159i va\u0159en\u00ed, myt\u00ed n\u00e1dob\u00ed a v\u0161em, co je pot\u0159eba.<\/p>\n              <\/div>\n            <\/div>\n          <\/div>\n        <\/div>\n      <\/div>\n    <\/section>\n    <section class=\"u-clearfix u-section-8\" id=\"sec-57ac\">\n      <div class=\"u-clearfix u-sheet u-valign-middle-xs u-sheet-1\">\n        <div class=\"u-expanded-width u-list u-list-1\">\n          <div class=\"u-repeater u-repeater-1\">\n            <div class=\"u-border-2 u-border-grey-75 u-border-no-left u-border-no-right u-border-no-top u-container-style u-list-item u-repeater-item\">\n              <div class=\"u-container-layout u-similar-container u-container-layout-1\">\n                <h5 class=\"u-align-center-xs u-text u-text-1\"> KOLIK TO STOJ\u00cd?<\/h5>\n                <p class=\"u-text u-text-2\"> Registra\u010dn\u00ed poplatek vyb\u00edr\u00e1me v\u011bt\u0161inou do 31.10. dan\u00e9ho \u0161koln\u00edho roku a loni \u010dinil 1400,- na cel\u00fd rok. Pen\u00edze vyu\u017eijeme na pron\u00e1jem prostor, vybaven\u00ed a materi\u00e1l pro na\u0161i \u010dinnost. V\u00fdpravy se plat\u00ed zvl\u00e1\u0161\u0165 a jejich cena se pohybuje v\u011bt\u0161inou mezi 500,- a 1000,- na v\u00edkend.Cena t\u00e1bora je 3000,- a\u017e 4000,-.&nbsp;<\/p>\n              <\/div>\n            <\/div>\n          <\/div>\n        <\/div>\n      <\/div>\n    <\/section>\n    <section class=\"u-clearfix u-section-9\" id=\"sec-3dc1\">\n      <div class=\"u-clearfix u-sheet u-valign-middle-xs u-sheet-1\">\n        <div class=\"u-expanded-width u-list u-list-1\">\n          <div class=\"u-repeater u-repeater-1\">\n            <div class=\"u-border-2 u-border-grey-75 u-border-no-left u-border-no-right u-border-no-top u-container-style u-list-item u-repeater-item\">\n              <div class=\"u-container-layout u-similar-container u-valign-top-lg u-valign-top-xl u-container-layout-1\">\n                <h5 class=\"u-align-center-xs u-text u-text-1\"> JAK\u00c9 POT\u0158EBUJE D\u00cdT\u011a VYBAVEN\u00cd?<\/h5>\n                <p class=\"u-text u-text-2\"> Na v\u00edcedenn\u00ed akce bude d\u00e1le pot\u0159eba:<\/p>\n                <ul class=\"u-text u-text-3\">\n                  <li>krosna, co\u017e je v\u011bt\u0161\u00ed batoh (40 - 50l), do n\u011bho\u017e se vejdou d\u011btem v\u011bci na v\u00edkend. D\u016fle\u017eit\u00e9 je, aby se jednalo o model vyroben\u00fd p\u0159\u00edmo na d\u011btskou postavu a aby m\u011bl bedern\u00ed p\u00e1s. Ob\u011b tyto v\u011bci hraj\u00ed roli v tom, jak dob\u0159e batoh d\u00edt\u011bti sed\u00ed a t\u00edm p\u00e1dem jak dob\u0159e se mu nese. S krosnou zpravidla mus\u00edme uj\u00edt na v\u00fdprav\u00e1ch maxim\u00e1ln\u011b p\u00e1r km od n\u00e1dra\u017e\u00ed ke klubovn\u00e1m. V\u011bt\u0161\u00ed vzd\u00e1lenosti potom chod\u00edme, kdy\u017e vyr\u00e1\u017e\u00edme na p\u0159esp\u00e1n\u00ed do p\u0159\u00edrody a tak\u00e9 na pu\u0165\u00e1c\u00edch b\u011bhem letn\u00edho t\u00e1bora. Kvalitn\u00ed batoh m\u016f\u017ee b\u00fdt dra\u017e\u0161\u00ed z\u00e1le\u017eitost\u00ed, do kter\u00e9 se z na\u0161\u00ed zku\u0161enosti ale opravdu vyplat\u00ed investovat. Vhodn\u011b zvolen\u00fd model nebude d\u011btem z\u00e1da ni\u010dit a m\u016f\u017ee jim vydr\u017eet cel\u00e9 d\u011btstv\u00ed, pokud m\u00e1 upraviteln\u00fd z\u00e1dov\u00fd syst\u00e9m.<\/li>\n                  <li>spac\u00e1k<\/li>\n                  <li>karimatka<\/li>\n                  <li>turistick\u00e1 obuv<\/li>\n                  <li>e\u0161us<\/li>\n                  <li>baterka\/\u010delovka<\/li>\n                  <li>Pozd\u011bji (nejpozd\u011bji v\u0161ak p\u0159ed t\u00e1borem) je vhodn\u00e9 po\u0159\u00eddit skautsk\u00fd kroj.<\/li>\n                <\/ul>\n              <\/div>\n            <\/div>\n          <\/div>\n        <\/div>\n      <\/div>\n    <\/section>\n    <section class=\"u-clearfix u-section-10\" id=\"sec-9bd4\">\n      <div class=\"u-clearfix u-sheet u-valign-middle-xs u-sheet-1\">\n        <div class=\"u-expanded-width u-list u-list-1\">\n          <div class=\"u-repeater u-repeater-1\">\n            <div class=\"u-border-2 u-border-grey-75 u-border-no-left u-border-no-right u-border-no-top u-container-style u-list-item u-repeater-item\">\n              <div class=\"u-container-layout u-similar-container u-container-layout-1\">\n                <h5 class=\"u-text u-text-1\"> KDE PO\u0158\u00cdDIT VYBAVEN\u00cd?<\/h5>\n                <p class=\"u-text u-text-2\"> Zde existuje n\u011bkolik mo\u017enost\u00ed:<\/p>\n                <ul class=\"u-text u-text-3\">\n                  <li>Junshop, skautsk\u00fd obchod, kde m\u00e1 na\u0161e st\u0159edisko 10% slevu. \u010c\u00edslo slevov\u00e9 karty je: 58674670411. Sleva plat\u00ed jak v kamenn\u00e9m obchod\u011b, tak na <a href=\"https:\/\/www.junshop.cz\/\" class=\"u-active-none u-border-none u-btn u-button-style u-hover-none u-none u-text-palette-1-base u-btn-1\">e-shopu<\/a>.\n                  <\/li>\n                  <li>St\u0159ediskov\u00e1 <a href=\"https:\/\/docs.google.com\/spreadsheets\/d\/1NnCnoOSPJsYfyMsRji94TUv5bfuUO9nIinzpND1BoSA\/edit?gid=0#gid=0\" class=\"u-active-none u-border-none u-btn u-button-style u-hover-none u-none u-text-palette-1-base u-btn-2\">burza<\/a> skautsk\u00e9ho vybaven\u00ed.\n                  <\/li>\n                  <li>\n                    <a href=\"https:\/\/bazar.skauting.cz\/\" class=\"u-active-none u-border-none u-btn u-button-style u-hover-none u-none u-text-palette-1-base u-btn-3\">Skautsk\u00fd internetov\u00fd bazar<\/a>\n                  <\/li>\n                <\/ul>\n              <\/div>\n            <\/div>\n          <\/div>\n        <\/div>\n      <\/div>\n    <\/section>\n    <section class=\"u-clearfix u-section-11\" id=\"sec-45e2\">\n      <div class=\"u-clearfix u-sheet u-valign-middle-lg u-valign-middle-md u-valign-middle-sm u-valign-middle-xl u-sheet-1\">\n        <p class=\"u-align-center u-text u-text-default-lg u-text-default-md u-text-default-sm u-text-default-xl u-text-1\"><b>\n            <a href=\"https:\/\/bazar.skauting.cz\/\" class=\"u-active-none u-border-none u-btn u-button-style u-hover-none u-none u-text-palette-1-base u-btn-1\"><\/a>\n            <br>\n            <br>Douf\u00e1me, \u017ee V\u00e1m v\u00fd\u0161e vypsan\u00e9 informace byly u\u017eite\u010dn\u00e9. V p\u0159\u00edpad\u011b dal\u0161\u00edch dotaz\u016f se ur\u010dit\u011b nev\u00e1hejte obr\u00e1tit na vedouc\u00ed.<br>\n            <br><\/b>\n        <\/p>\n      <\/div>\n    <\/section>\n    \n    \n    \n  \n","protected":false},"excerpt":{"rendered":"<p>\u010cihadla Informace pro nov\u00e1\u010dky Po p\u0159ihl\u00e1\u0161en\u00ed d\u00edt\u011bte do odd\u00edlu se rodi\u010d\u016fm \u010dasto vyno\u0159\u00ed v mysli spoustu ot\u00e1zek ohledn\u011b toho, jak odd\u00edl funguje, co v\u0161e je pot\u0159eba za\u0159\u00eddit nebo t\u0159eba kde koupit vybaven\u00ed. V n\u00e1sleduj\u00edc\u00edch \u0159\u00e1dc\u00edch se proto pokus\u00edme shrnout nejd\u016fle\u017eit\u011bj\u0161\u00ed informace a praktick\u00e9 tipy, je\u017e by se mohly rodi\u010d\u016fm nov\u00e1\u010dk\u016f hodit KDO JSME? Va\u0161e d\u00edt\u011b &hellip; <a href=\"https:\/\/douglaska.cz\/?page_id=776\" class=\"more-link\">Continue reading<span class=\"screen-reader-text\"> &#8222;Informace pro nov\u00e1\u010dky&#8220;<\/span><\/a><\/p>\n","protected":false},"author":2,"featured_media":0,"parent":0,"menu_order":0,"comment_status":"closed","ping_status":"closed","template":"","meta":{"footnotes":""},"class_list":["post-776","page","type-page","status-publish","hentry"],"_links":{"self":[{"href":"https:\/\/douglaska.cz\/index.php?rest_route=\/wp\/v2\/pages\/776","targetHints":{"allow":["GET"]}}],"collection":[{"href":"https:\/\/douglaska.cz\/index.php?rest_route=\/wp\/v2\/pages"}],"about":[{"href":"https:\/\/douglaska.cz\/index.php?rest_route=\/wp\/v2\/types\/page"}],"author":[{"embeddable":true,"href":"https:\/\/douglaska.cz\/index.php?rest_route=\/wp\/v2\/users\/2"}],"replies":[{"embeddable":true,"href":"https:\/\/douglaska.cz\/index.php?rest_route=%2Fwp%2Fv2%2Fcomments&post=776"}],"version-history":[{"count":5,"href":"https:\/\/douglaska.cz\/index.php?rest_route=\/wp\/v2\/pages\/776\/revisions"}],"predecessor-version":[{"id":793,"href":"https:\/\/douglaska.cz\/index.php?rest_route=\/wp\/v2\/pages\/776\/revisions\/793"}],"wp:attachment":[{"href":"https:\/\/douglaska.cz\/index.php?rest_route=%2Fwp%2Fv2%2Fmedia&parent=776"}],"curies":[{"name":"wp","href":"https:\/\/api.w.org\/{rel}","templated":true}]}}