{"id":687,"date":"2023-10-24T10:45:52","date_gmt":"2023-10-24T09:45:52","guid":{"rendered":"https:\/\/douglaska.cz\/?page_id=687"},"modified":"2023-10-24T10:45:52","modified_gmt":"2023-10-24T09:45:52","slug":"fotogalerie-2-0","status":"publish","type":"page","link":"https:\/\/douglaska.cz\/?page_id=687","title":{"rendered":"Fotogalerie 2.0"},"content":{"rendered":"\n    \n    <section class=\"u-align-center u-clearfix u-image u-shading u-section-2\" src=\"\" id=\"sec-ea15\" data-image-width=\"2560\" data-image-height=\"1920\" style=\"background-image: linear-gradient(0deg, rgba(0, 0, 0, 0.6), rgba(0, 0, 0, 0.6)), url(&quot;https:\/\/douglaska.cz\/wp-content\/uploads\/2021\/04\/DJI00536-scaled.jpg&quot;);\">\n      <div class=\"u-clearfix u-sheet u-sheet-1\">\n        <h1 class=\"u-align-center u-text u-title u-text-1\">Fotogalerie<\/h1>\n        <p class=\"u-align-center u-large-text u-text u-text-variant u-text-2\">Pod\u00edvejte se na fotky z na\u0161ich akc\u00ed.<\/p>\n      <\/div>\n    <\/section>\n    <section class=\"u-clearfix u-container-align-center u-grey-15 u-section-3\" id=\"sec-0ebb\">\n      <div class=\"u-clearfix u-sheet u-sheet-1\">\n        <div class=\"u-clearfix u-custom-html u-expanded-width u-custom-html-1\"><div class=\"sgdg-gallery-container\" data-sgdg-hash=\"80547b5f3a2fefb129a4991cf245be18c725b210842952485f696d39fdbddeb9\"><div class=\"sgdg-loading\"><div><\/div><\/div><\/div><\/div><\/div>\n<\/section>\n","protected":false},"excerpt":{"rendered":"<p>Fotogalerie Pod\u00edvejte se na fotky z na\u0161ich akc\u00ed.<\/p>\n","protected":false},"author":2,"featured_media":0,"parent":0,"menu_order":3,"comment_status":"closed","ping_status":"closed","template":"","meta":{"footnotes":""},"class_list":["post-687","page","type-page","status-publish","hentry"],"_links":{"self":[{"href":"https:\/\/douglaska.cz\/index.php?rest_route=\/wp\/v2\/pages\/687","targetHints":{"allow":["GET"]}}],"collection":[{"href":"https:\/\/douglaska.cz\/index.php?rest_route=\/wp\/v2\/pages"}],"about":[{"href":"https:\/\/douglaska.cz\/index.php?rest_route=\/wp\/v2\/types\/page"}],"author":[{"embeddable":true,"href":"https:\/\/douglaska.cz\/index.php?rest_route=\/wp\/v2\/users\/2"}],"replies":[{"embeddable":true,"href":"https:\/\/douglaska.cz\/index.php?rest_route=%2Fwp%2Fv2%2Fcomments&post=687"}],"version-history":[{"count":15,"href":"https:\/\/douglaska.cz\/index.php?rest_route=\/wp\/v2\/pages\/687\/revisions"}],"predecessor-version":[{"id":713,"href":"https:\/\/douglaska.cz\/index.php?rest_route=\/wp\/v2\/pages\/687\/revisions\/713"}],"wp:attachment":[{"href":"https:\/\/douglaska.cz\/index.php?rest_route=%2Fwp%2Fv2%2Fmedia&parent=687"}],"curies":[{"name":"wp","href":"https:\/\/api.w.org\/{rel}","templated":true}]}}