{"id":204,"date":"2021-03-14T15:13:14","date_gmt":"2021-03-14T14:13:14","guid":{"rendered":"https:\/\/w.douglaska.cz\/?page_id=204"},"modified":"2023-08-27T06:36:49","modified_gmt":"2023-08-27T05:36:49","slug":"novinky","status":"publish","type":"page","link":"https:\/\/douglaska.cz\/?page_id=204","title":{"rendered":"Novinky 1"},"content":{"rendered":"\n    \n    <section class=\"u-align-center u-clearfix u-image u-shading u-section-2\" src=\"\" id=\"sec-4214\">\n      <div class=\"u-clearfix u-sheet u-valign-middle-xs u-sheet-1\">\n        <h1 class=\"u-text u-title u-text-1\">Novinky<\/h1>\n      <\/div>\n    <\/section>\n    <section class=\"u-align-center u-clearfix u-grey-5 u-section-3\" id=\"carousel_bdff\">\n      <div class=\"u-clearfix u-sheet u-sheet-1\">\n        <div class=\"u-blog u-expanded-width-sm u-expanded-width-xs u-blog-1 u-hidden-visibility\" >\n          <div class=\"u-repeater u-repeater-1\">\n            <div class=\"u-align-left u-blog-post u-container-style u-repeater-item u-video-cover u-white u-repeater-item-1\">\n              <div class=\"u-container-layout u-similar-container u-valign-top-sm u-valign-top-xs u-container-layout-1\"><a class=\"u-blog-control u-expanded-width-xs u-image u-image-default u-image-1\" href=\"https:\/\/douglaska.cz\/?p=217\">\n                <img decoding=\"async\" alt=\"\" class=\"u-blog-control u-expanded-width-xs u-image u-image-default u-image-1\" src=\"https:\/\/douglaska.cz\/wp-content\/uploads\/2021\/03\/sekera-1-scaled.jpg\" data-image-width=\"567\" data-image-height=\"696\"><\/a>\n                <h4 class=\"u-blog-control u-text u-text-1\">\n                  <a class=\"u-post-header-link\" href=\"https:\/\/douglaska.cz\/?p=217\">Skautsk\u00e9 vybaven\u00ed<\/a>\n                <\/h4>\n                <div class=\"u-blog-control u-metadata u-text-grey-30 u-metadata-1\">\n                  <span class=\"u-meta-date u-meta-icon\">14. b\u0159ezna 2021<\/span>\n                  <span class=\"u-meta-comments u-meta-icon\"><a class=\"u-textlink\" href=\"https:\/\/douglaska.cz\/?p=217#respond\">Comments (0)<\/a><\/span>\n                <\/div>\n              <\/div>\n            <\/div>\n            <div class=\"u-align-left u-blog-post u-container-style u-repeater-item u-video-cover u-white u-repeater-item-2\">\n              <div class=\"u-container-layout u-similar-container u-valign-top-sm u-valign-top-xs u-container-layout-2\"><a class=\"u-blog-control u-expanded-width-xs u-image u-image-default u-image-2\" href=\"https:\/\/douglaska.cz\/?p=348\">\n                <img decoding=\"async\" alt=\"\" class=\"u-blog-control u-expanded-width-xs u-image u-image-default u-image-2\" src=\"https:\/\/douglaska.cz\/wp-content\/uploads\/2021\/05\/Obnoveni\u0301-c\u030cinnosti.png\" data-image-width=\"567\" data-image-height=\"696\"><\/a>\n                <h4 class=\"u-blog-control u-text u-text-2\">\n                  <a class=\"u-post-header-link\" href=\"https:\/\/douglaska.cz\/?p=348\">Zah\u00e1jen\u00ed kontaktn\u00ed \u010dinnosti!<\/a>\n                <\/h4>\n                <div class=\"u-blog-control u-metadata u-text-grey-30 u-metadata-2\">\n                  <span class=\"u-meta-date u-meta-icon\">6. kv\u011btna 2021<\/span>\n                  <span class=\"u-meta-comments u-meta-icon\"><a class=\"u-textlink\" href=\"https:\/\/douglaska.cz\/?p=348#respond\">Comments (0)<\/a><\/span>\n                <\/div>\n              <\/div>\n            <\/div>\n            <div class=\"u-align-left u-blog-post u-container-style u-repeater-item u-video-cover u-white u-repeater-item-1\">\n              <div class=\"u-container-layout u-similar-container u-valign-top-sm u-valign-top-xs u-container-layout-1\"><a class=\"u-blog-control u-expanded-width-xs u-image u-image-default u-image-1\" href=\"https:\/\/douglaska.cz\/?p=192\">\n                <img decoding=\"async\" alt=\"\" class=\"u-blog-control u-expanded-width-xs u-image u-image-default u-image-1\" src=\"https:\/\/douglaska.cz\/wp-content\/uploads\/2021\/03\/DJI00536.jpg\" data-image-width=\"567\" data-image-height=\"696\"><\/a>\n                <h4 class=\"u-blog-control u-text u-text-1\">\n                  <a class=\"u-post-header-link\" href=\"https:\/\/douglaska.cz\/?p=192\">Rozhovor s Vedouc\u00edm st\u0159ediska<\/a>\n                <\/h4>\n                <div class=\"u-blog-control u-metadata u-text-grey-30 u-metadata-1\">\n                  <span class=\"u-meta-date u-meta-icon\">14. b\u0159ezna 2021<\/span>\n                  <span class=\"u-meta-comments u-meta-icon\"><a class=\"u-textlink\" href=\"https:\/\/douglaska.cz\/?p=192#respond\">Comments (0)<\/a><\/span>\n                <\/div>\n              <\/div>\n            <\/div>\n          <\/div>\n        <\/div>\n      <\/div>\n    <\/section>\n    <style class=\"u-overlap-style\">.u-overlap:not(.u-sticky-scroll) .u-header {\n}<\/style>\n    \n    \n  \n","protected":false},"excerpt":{"rendered":"<p>Novinky Skautsk\u00e9 vybaven\u00ed 14. b\u0159ezna 2021 Comments (0) Zah\u00e1jen\u00ed kontaktn\u00ed \u010dinnosti! 6. kv\u011btna 2021 Comments (0) Rozhovor s Vedouc\u00edm st\u0159ediska 14. b\u0159ezna 2021 Comments (0)<\/p>\n","protected":false},"author":2,"featured_media":0,"parent":0,"menu_order":0,"comment_status":"closed","ping_status":"closed","template":"","meta":{"footnotes":""},"class_list":["post-204","page","type-page","status-publish","hentry"],"_links":{"self":[{"href":"https:\/\/douglaska.cz\/index.php?rest_route=\/wp\/v2\/pages\/204","targetHints":{"allow":["GET"]}}],"collection":[{"href":"https:\/\/douglaska.cz\/index.php?rest_route=\/wp\/v2\/pages"}],"about":[{"href":"https:\/\/douglaska.cz\/index.php?rest_route=\/wp\/v2\/types\/page"}],"author":[{"embeddable":true,"href":"https:\/\/douglaska.cz\/index.php?rest_route=\/wp\/v2\/users\/2"}],"replies":[{"embeddable":true,"href":"https:\/\/douglaska.cz\/index.php?rest_route=%2Fwp%2Fv2%2Fcomments&post=204"}],"version-history":[{"count":7,"href":"https:\/\/douglaska.cz\/index.php?rest_route=\/wp\/v2\/pages\/204\/revisions"}],"predecessor-version":[{"id":372,"href":"https:\/\/douglaska.cz\/index.php?rest_route=\/wp\/v2\/pages\/204\/revisions\/372"}],"wp:attachment":[{"href":"https:\/\/douglaska.cz\/index.php?rest_route=%2Fwp%2Fv2%2Fmedia&parent=204"}],"curies":[{"name":"wp","href":"https:\/\/api.w.org\/{rel}","templated":true}]}}