{"id":162,"date":"2021-03-14T11:07:49","date_gmt":"2021-03-14T10:07:49","guid":{"rendered":"https:\/\/w.douglaska.cz\/?page_id=162"},"modified":"2025-05-19T07:40:48","modified_gmt":"2025-05-19T06:40:48","slug":"kontaktujte-nas","status":"publish","type":"page","link":"https:\/\/douglaska.cz\/?page_id=162","title":{"rendered":"Kontaktujte n\u00e1s"},"content":{"rendered":"\n    \n    <section class=\"u-align-center u-clearfix u-container-align-center u-image u-shading u-section-2\" src=\"\" id=\"sec-cd19\" style=\"background-image: linear-gradient(0deg, rgba(0, 0, 0, 0.4), rgba(0, 0, 0, 0.4)), url(&quot;https:\/\/douglaska.cz\/wp-content\/uploads\/2021\/03\/IMG_6979.jpg&quot;);\">\n      <div class=\"u-clearfix u-sheet u-sheet-1\">\n        <h1 class=\"u-text u-title u-text-1\">Kontaktujte n\u00e1s<\/h1>\n      <\/div>\n    <\/section>\n    <section class=\"u-clearfix u-section-3\" id=\"sec-7246\">\n      <div class=\"u-clearfix u-sheet u-sheet-1\">\n        <div class=\"u-align-center u-container-align-center u-container-style u-group u-group-1\">\n          <div class=\"u-container-layout u-valign-middle u-container-layout-1\">\n            <h2 class=\"u-text u-text-1\">D\u016fle\u017eit\u00e9 kontakty<\/h2>\n            <p class=\"u-text u-text-2\">Pokud nev\u00edte na koho se obr\u00e1tit m\u016f\u017eete vyu\u017e\u00edt email <a href=\"mailto:douglaska.info@skaut.cz?subject=Web\" class=\"u-active-none u-border-none u-btn u-button-link u-button-style u-hover-none u-none u-text-palette-1-base u-btn-1\">douglaska.info@skaut.cz<\/a>\n            <\/p>\n          <\/div>\n        <\/div>\n        <div class=\"u-expanded-width u-list u-list-1\">\n          <div class=\"u-repeater u-repeater-1\">\n            <div class=\"u-align-center u-container-align-center u-container-style u-list-item u-repeater-item\">\n              <div class=\"u-container-layout u-similar-container u-valign-bottom u-container-layout-2\">\n                <img decoding=\"async\" alt=\"\" class=\"u-expanded-width u-image u-image-default u-image-1\" src=\"https:\/\/douglaska.cz\/wp-content\/uploads\/2023\/09\/IMG_9782_small-scaled.jpg\" data-image-width=\"2560\" data-image-height=\"1920\">\n                <h5 class=\"u-text u-text-3\">Jakub M\u00e1dr<\/h5>\n                <p class=\"u-text u-text-palette-2-base u-text-4\">Hlavn\u00ed vedouc\u00ed st\u0159ediska<\/p>\n                <a href=\"tel: +420 604 989 433\" class=\"u-active-none u-btn u-btn-rectangle u-button-style u-hover-none u-none u-text-body-color u-btn-2\"><span class=\"u-icon\"><svg class=\"u-svg-content\" viewBox=\"0 0 405.333 405.333\" x=\"0px\" y=\"0px\" style=\"width: 1em; height: 1em;\"><path d=\"M373.333,266.88c-25.003,0-49.493-3.904-72.704-11.563c-11.328-3.904-24.192-0.896-31.637,6.699l-46.016,34.752    c-52.8-28.181-86.592-61.952-114.389-114.368l33.813-44.928c8.512-8.512,11.563-20.971,7.915-32.64    C142.592,81.472,138.667,56.96,138.667,32c0-17.643-14.357-32-32-32H32C14.357,0,0,14.357,0,32    c0,205.845,167.488,373.333,373.333,373.333c17.643,0,32-14.357,32-32V298.88C405.333,281.237,390.976,266.88,373.333,266.88z\"><\/path><\/svg><\/span>&nbsp;+420 731 037 447\n                <\/a>\n                <p class=\"u-text u-text-5\"><span class=\"u-icon\"><svg class=\"u-svg-content\" viewBox=\"0 0 550.795 550.795\" x=\"0px\" y=\"0px\" style=\"width: 1em; height: 1em;\"><g><g><path d=\"M501.613,491.782c12.381,0,23.109-4.088,32.229-12.16L377.793,323.567c-3.744,2.681-7.373,5.288-10.801,7.767    c-11.678,8.604-21.156,15.318-28.434,20.129c-7.277,4.822-16.959,9.737-29.045,14.755c-12.094,5.024-23.361,7.528-33.813,7.528    h-0.306h-0.306c-10.453,0-21.72-2.503-33.813-7.528c-12.093-5.018-21.775-9.933-29.045-14.755    c-7.277-4.811-16.75-11.524-28.434-20.129c-3.256-2.387-6.867-5.006-10.771-7.809L16.946,479.622    c9.119,8.072,19.854,12.16,32.234,12.16H501.613z\"><\/path><path d=\"M31.047,225.299C19.37,217.514,9.015,208.598,0,198.555V435.98l137.541-137.541    C110.025,279.229,74.572,254.877,31.047,225.299z\"><\/path><path d=\"M520.059,225.299c-41.865,28.336-77.447,52.73-106.75,73.195l137.486,137.492V198.555    C541.98,208.396,531.736,217.306,520.059,225.299z\"><\/path><path d=\"M501.613,59.013H49.181c-15.784,0-27.919,5.33-36.42,15.979C4.253,85.646,0.006,98.97,0.006,114.949    c0,12.907,5.636,26.892,16.903,41.959c11.267,15.061,23.256,26.891,35.961,35.496c6.965,4.921,27.969,19.523,63.012,43.801    c18.917,13.109,35.368,24.535,49.505,34.395c12.05,8.396,22.442,15.667,31.022,21.701c0.985,0.691,2.534,1.799,4.59,3.269    c2.215,1.591,5.018,3.61,8.476,6.107c6.659,4.816,12.191,8.709,16.597,11.683c4.4,2.975,9.731,6.298,15.985,9.988    c6.249,3.685,12.143,6.456,17.675,8.299c5.533,1.842,10.655,2.766,15.367,2.766h0.306h0.306c4.711,0,9.834-0.924,15.368-2.766    c5.531-1.843,11.42-4.608,17.674-8.299c6.248-3.69,11.572-7.02,15.986-9.988c4.406-2.974,9.938-6.866,16.598-11.683    c3.451-2.497,6.254-4.517,8.469-6.102c2.057-1.476,3.605-2.577,4.596-3.274c6.684-4.651,17.1-11.892,31.104-21.616    c25.482-17.705,63.01-43.764,112.742-78.281c14.957-10.447,27.453-23.054,37.496-37.803c10.025-14.749,15.051-30.22,15.051-46.408    c0-13.525-4.873-25.098-14.598-34.737C526.461,63.829,514.932,59.013,501.613,59.013z\"><\/path>\n<\/g>\n<\/g><\/svg><\/span>\n                  <a href=\"mailto:martin.prosek@skaut.cz?subject=web\" class=\"u-active-none u-border-none u-btn u-button-link u-button-style u-hover-none u-none u-text-black u-btn-3\">&nbsp;JAKUB.MADR@SKAUT.CZ<\/a>\n                <\/p>\n              <\/div>\n            <\/div>\n            <div class=\"u-align-center u-container-align-center u-container-style u-list-item u-repeater-item\">\n              <div class=\"u-container-layout u-similar-container u-valign-bottom u-container-layout-3\">\n                <img decoding=\"async\" alt=\"\" class=\"u-expanded-width u-image u-image-default u-image-2\" data-image-width=\"1200\" data-image-height=\"1600\" src=\"https:\/\/douglaska.cz\/wp-content\/uploads\/2021\/03\/6D2D1F41-93A9-4F1E-B666-5204A96FF0BF_1_201_a-1.jpeg\">\n                <h5 class=\"u-text u-text-6\">Martin Dvo\u0159\u00e1k<\/h5>\n                <p class=\"u-text u-text-palette-2-base u-text-7\">Z\u00e1stupce HV st\u0159ediska<\/p>\n                <a href=\"tel:+420 774 884 553\" class=\"u-active-none u-btn u-btn-rectangle u-button-style u-hover-none u-none u-text-body-color u-btn-4\"><span class=\"u-icon\"><svg class=\"u-svg-content\" viewBox=\"0 0 405.333 405.333\" x=\"0px\" y=\"0px\" style=\"width: 1em; height: 1em;\"><path d=\"M373.333,266.88c-25.003,0-49.493-3.904-72.704-11.563c-11.328-3.904-24.192-0.896-31.637,6.699l-46.016,34.752    c-52.8-28.181-86.592-61.952-114.389-114.368l33.813-44.928c8.512-8.512,11.563-20.971,7.915-32.64    C142.592,81.472,138.667,56.96,138.667,32c0-17.643-14.357-32-32-32H32C14.357,0,0,14.357,0,32    c0,205.845,167.488,373.333,373.333,373.333c17.643,0,32-14.357,32-32V298.88C405.333,281.237,390.976,266.88,373.333,266.88z\"><\/path><\/svg><\/span>&nbsp;+420 721 613 267\n                <\/a>\n                <p class=\"u-text u-text-8\">&nbsp; <span class=\"u-icon\"><svg class=\"u-svg-content\" viewBox=\"0 0 550.795 550.795\" x=\"0px\" y=\"0px\" style=\"width: 1em; height: 1em;\"><g><g><path d=\"M501.613,491.782c12.381,0,23.109-4.088,32.229-12.16L377.793,323.567c-3.744,2.681-7.373,5.288-10.801,7.767    c-11.678,8.604-21.156,15.318-28.434,20.129c-7.277,4.822-16.959,9.737-29.045,14.755c-12.094,5.024-23.361,7.528-33.813,7.528    h-0.306h-0.306c-10.453,0-21.72-2.503-33.813-7.528c-12.093-5.018-21.775-9.933-29.045-14.755    c-7.277-4.811-16.75-11.524-28.434-20.129c-3.256-2.387-6.867-5.006-10.771-7.809L16.946,479.622    c9.119,8.072,19.854,12.16,32.234,12.16H501.613z\"><\/path><path d=\"M31.047,225.299C19.37,217.514,9.015,208.598,0,198.555V435.98l137.541-137.541    C110.025,279.229,74.572,254.877,31.047,225.299z\"><\/path><path d=\"M520.059,225.299c-41.865,28.336-77.447,52.73-106.75,73.195l137.486,137.492V198.555    C541.98,208.396,531.736,217.306,520.059,225.299z\"><\/path><path d=\"M501.613,59.013H49.181c-15.784,0-27.919,5.33-36.42,15.979C4.253,85.646,0.006,98.97,0.006,114.949    c0,12.907,5.636,26.892,16.903,41.959c11.267,15.061,23.256,26.891,35.961,35.496c6.965,4.921,27.969,19.523,63.012,43.801    c18.917,13.109,35.368,24.535,49.505,34.395c12.05,8.396,22.442,15.667,31.022,21.701c0.985,0.691,2.534,1.799,4.59,3.269    c2.215,1.591,5.018,3.61,8.476,6.107c6.659,4.816,12.191,8.709,16.597,11.683c4.4,2.975,9.731,6.298,15.985,9.988    c6.249,3.685,12.143,6.456,17.675,8.299c5.533,1.842,10.655,2.766,15.367,2.766h0.306h0.306c4.711,0,9.834-0.924,15.368-2.766    c5.531-1.843,11.42-4.608,17.674-8.299c6.248-3.69,11.572-7.02,15.986-9.988c4.406-2.974,9.938-6.866,16.598-11.683    c3.451-2.497,6.254-4.517,8.469-6.102c2.057-1.476,3.605-2.577,4.596-3.274c6.684-4.651,17.1-11.892,31.104-21.616    c25.482-17.705,63.01-43.764,112.742-78.281c14.957-10.447,27.453-23.054,37.496-37.803c10.025-14.749,15.051-30.22,15.051-46.408    c0-13.525-4.873-25.098-14.598-34.737C526.461,63.829,514.932,59.013,501.613,59.013z\"><\/path>\n<\/g>\n<\/g><\/svg><\/span>\n                  <a href=\"mailto:anna.sedlackova@skaut.cz?subject=web\" class=\"u-active-none u-border-none u-btn u-button-link u-button-style u-hover-none u-none u-text-body-color u-btn-5\">&nbsp;MARTIN.DVORAK@SKAUT.CZ<\/a>\n                <\/p>\n              <\/div>\n            <\/div>\n            <div class=\"u-align-center u-container-align-center u-container-style u-list-item u-repeater-item\">\n              <div class=\"u-container-layout u-similar-container u-valign-bottom u-container-layout-4\">\n                <img decoding=\"async\" alt=\"\" class=\"u-expanded-width u-image u-image-default u-image-3\" src=\"https:\/\/douglaska.cz\/wp-content\/uploads\/2021\/04\/10C307D9-8FF9-47F7-9046-456BAA54E7D8_1_201_a-1152x1536.jpeg\" data-image-width=\"1140\" data-image-height=\"1520\">\n                <h5 class=\"u-text u-text-9\">\u0160\u00e1rka T\u011b\u0161\u00ednsk\u00e1<\/h5>\n                <p class=\"u-text u-text-palette-2-base u-text-10\">Hospod\u00e1\u0159<\/p>\n                <a href=\"tel: +420 605 127 182\" class=\"u-active-none u-btn u-btn-rectangle u-button-style u-hover-none u-none u-text-body-color u-btn-6\"><span class=\"u-icon\"><svg class=\"u-svg-content\" viewBox=\"0 0 405.333 405.333\" x=\"0px\" y=\"0px\" style=\"width: 1em; height: 1em;\"><path d=\"M373.333,266.88c-25.003,0-49.493-3.904-72.704-11.563c-11.328-3.904-24.192-0.896-31.637,6.699l-46.016,34.752    c-52.8-28.181-86.592-61.952-114.389-114.368l33.813-44.928c8.512-8.512,11.563-20.971,7.915-32.64    C142.592,81.472,138.667,56.96,138.667,32c0-17.643-14.357-32-32-32H32C14.357,0,0,14.357,0,32    c0,205.845,167.488,373.333,373.333,373.333c17.643,0,32-14.357,32-32V298.88C405.333,281.237,390.976,266.88,373.333,266.88z\"><\/path><\/svg><\/span>&nbsp;+420 775 948 402\n                <\/a>\n                <p class=\"u-text u-text-11\"><span class=\"u-icon\"><svg class=\"u-svg-content\" viewBox=\"0 0 550.795 550.795\" x=\"0px\" y=\"0px\" style=\"width: 1em; height: 1em;\"><g><g><path d=\"M501.613,491.782c12.381,0,23.109-4.088,32.229-12.16L377.793,323.567c-3.744,2.681-7.373,5.288-10.801,7.767    c-11.678,8.604-21.156,15.318-28.434,20.129c-7.277,4.822-16.959,9.737-29.045,14.755c-12.094,5.024-23.361,7.528-33.813,7.528    h-0.306h-0.306c-10.453,0-21.72-2.503-33.813-7.528c-12.093-5.018-21.775-9.933-29.045-14.755    c-7.277-4.811-16.75-11.524-28.434-20.129c-3.256-2.387-6.867-5.006-10.771-7.809L16.946,479.622    c9.119,8.072,19.854,12.16,32.234,12.16H501.613z\"><\/path><path d=\"M31.047,225.299C19.37,217.514,9.015,208.598,0,198.555V435.98l137.541-137.541    C110.025,279.229,74.572,254.877,31.047,225.299z\"><\/path><path d=\"M520.059,225.299c-41.865,28.336-77.447,52.73-106.75,73.195l137.486,137.492V198.555    C541.98,208.396,531.736,217.306,520.059,225.299z\"><\/path><path d=\"M501.613,59.013H49.181c-15.784,0-27.919,5.33-36.42,15.979C4.253,85.646,0.006,98.97,0.006,114.949    c0,12.907,5.636,26.892,16.903,41.959c11.267,15.061,23.256,26.891,35.961,35.496c6.965,4.921,27.969,19.523,63.012,43.801    c18.917,13.109,35.368,24.535,49.505,34.395c12.05,8.396,22.442,15.667,31.022,21.701c0.985,0.691,2.534,1.799,4.59,3.269    c2.215,1.591,5.018,3.61,8.476,6.107c6.659,4.816,12.191,8.709,16.597,11.683c4.4,2.975,9.731,6.298,15.985,9.988    c6.249,3.685,12.143,6.456,17.675,8.299c5.533,1.842,10.655,2.766,15.367,2.766h0.306h0.306c4.711,0,9.834-0.924,15.368-2.766    c5.531-1.843,11.42-4.608,17.674-8.299c6.248-3.69,11.572-7.02,15.986-9.988c4.406-2.974,9.938-6.866,16.598-11.683    c3.451-2.497,6.254-4.517,8.469-6.102c2.057-1.476,3.605-2.577,4.596-3.274c6.684-4.651,17.1-11.892,31.104-21.616    c25.482-17.705,63.01-43.764,112.742-78.281c14.957-10.447,27.453-23.054,37.496-37.803c10.025-14.749,15.051-30.22,15.051-46.408    c0-13.525-4.873-25.098-14.598-34.737C526.461,63.829,514.932,59.013,501.613,59.013z\"><\/path>\n<\/g>\n<\/g><\/svg><\/span>\n                  <a href=\"mailto:adela.skvorova@skaut.cz?subject=Web\" class=\"u-active-none u-border-none u-btn u-button-link u-button-style u-hover-none u-none u-text-body-color u-btn-7\">SARKA.TESINSKA@SKAUT.CZ<\/a>\n                <\/p>\n              <\/div>\n            <\/div>\n          <\/div>\n        <\/div>\n      <\/div>\n    <\/section>\n    <section class=\"u-align-center u-clearfix u-container-align-center u-section-4\" id=\"carousel_6961\">\n      <div class=\"u-clearfix u-sheet u-sheet-1\">\n        <h2 class=\"u-align-center u-text u-text-default u-text-1\">Pro <span style=\"font-weight: 400;\">p\u0159ihl\u00e1\u0161en\u00ed<\/span> do odd\u00edlu\n        <\/h2>\n        <h5 class=\"u-align-center u-custom-font u-font-montserrat u-text u-text-default u-text-2\">Kontaktujte p\u0159\u00edmo veden\u00ed odd\u00edl\u016f.<\/h5>\n        <div class=\"u-expanded-width u-list u-list-1\">\n          <div class=\"u-repeater u-repeater-1\">\n            <div class=\"u-align-center u-container-align-center u-container-style u-list-item u-repeater-item\">\n              <div class=\"u-container-layout u-similar-container u-valign-top-md u-container-layout-1\">\n                <div class=\"u-image u-image-circle u-image-1\" alt=\"\" data-image-width=\"2629\" data-image-height=\"2629\" style=\"background-image: url(&quot;https:\/\/douglaska.cz\/wp-content\/uploads\/2024\/04\/cihadla_barevne-1536x1536.png&quot;);\"><\/div>\n                <div class=\"u-align-center u-container-align-center u-container-style u-grey-15 u-group u-shape-circle u-group-1\">\n                  <div class=\"u-container-layout u-valign-middle\">\n                    <h3 class=\"u-custom-font u-font-montserrat u-text u-text-3\">6-10<\/h3>\n                  <\/div>\n                <\/div>\n                <p class=\"u-text u-text-grey-40 u-text-4\">Kontaktujte vedouc\u00edho odd\u00edlu.<\/p>\n                <a href=\"https:\/\/douglaska.cz\/?page_id=615\" class=\"u-border-none u-btn u-btn-round u-button-style u-grey-15 u-hover-grey-60 u-radius-50 u-btn-1\">\u010cihadla<\/a>\n              <\/div>\n            <\/div>\n            <div class=\"u-align-center u-container-align-center u-container-style u-list-item u-repeater-item\">\n              <div class=\"u-container-layout u-similar-container u-valign-top-md u-container-layout-3\">\n                <div class=\"u-image u-image-circle u-image-2\" alt=\"\" data-image-width=\"172\" data-image-height=\"172\" style=\"background-image: url(&quot;https:\/\/douglaska.cz\/wp-content\/uploads\/2021\/03\/vidrholeccccc-2.png&quot;);\"><\/div>\n                <div class=\"u-align-center u-container-align-center u-container-style u-grey-15 u-group u-shape-circle u-group-2\">\n                  <div class=\"u-container-layout u-valign-middle\">\n                    <h3 class=\"u-custom-font u-font-montserrat u-text u-text-default u-text-5\">11-14<\/h3>\n                  <\/div>\n                <\/div>\n                <p class=\"u-text u-text-grey-40 u-text-6\"> Kontaktujte vedouc\u00edho odd\u00edlu.<\/p>\n                <a href=\"https:\/\/douglaska.cz\/?page_id=165\" class=\"u-border-none u-btn u-btn-round u-button-style u-grey-15 u-hover-grey-60 u-radius-50 u-btn-2\">vidrholec<\/a>\n              <\/div>\n            <\/div>\n            <div class=\"u-align-center u-container-align-center u-container-style u-list-item u-repeater-item\">\n              <div class=\"u-container-layout u-similar-container u-valign-top-md u-container-layout-5\">\n                <div class=\"u-image u-image-circle u-image-3\" alt=\"\" data-image-width=\"2629\" data-image-height=\"2629\" style=\"background-image: url(&quot;https:\/\/douglaska.cz\/wp-content\/uploads\/2024\/04\/skara_barevne-1536x1536.png&quot;);\"><\/div>\n                <div class=\"u-align-center u-container-align-center u-container-style u-grey-15 u-group u-shape-circle u-group-3\">\n                  <div class=\"u-container-layout u-valign-middle\">\n                    <h3 class=\"u-custom-font u-font-montserrat u-text u-text-default u-text-7\">15+<\/h3>\n                  <\/div>\n                <\/div>\n                <p class=\"u-text u-text-grey-40 u-text-8\"> Kontaktujte vedouc\u00edho odd\u00edlu.<\/p>\n                <a href=\"https:\/\/douglaska.cz\/?page_id=537\" class=\"u-border-none u-btn u-btn-round u-button-style u-grey-15 u-hover-grey-60 u-radius-50 u-btn-3\">skara<\/a>\n              <\/div>\n            <\/div>\n          <\/div>\n        <\/div>\n      <\/div>\n    <\/section>\n    <section class=\"u-clearfix u-valign-middle u-section-5\" id=\"sec-c911\">\n      <div class=\"u-absolute-hcenter u-expanded u-grey-10 u-map u-map-1\">\n        <div class=\"embed-responsive\">\n          <iframe class=\"embed-responsive-item\" src=\"\/\/maps.google.com\/maps?output=embed&amp;q=%C5%BD%C3%A1rovick%C3%A1%202732%2C%20Praha%209%E2%80%93%C3%9Ajezd%20nad%20Lesy&amp;z=17&amp;t=m\" data-map=\"JTdCJTIyYWRkcmVzcyUyMiUzQSUyMiVDNSVCRCVDMyVBMXJvdmljayVDMyVBMSUyMDI3MzIlMkMlMjBQcmFoYSUyMDklRTIlODAlOTMlQzMlOUFqZXpkJTIwbmFkJTIwTGVzeSUyMiUyQyUyMnpvb20lMjIlM0ExNyUyQyUyMnR5cGVJZCUyMiUzQSUyMnJvYWQlMjIlMkMlMjJsYW5nJTIyJTNBbnVsbCUyQyUyMmFwaUtleSUyMiUzQW51bGwlMkMlMjJtYXJrZXJzJTIyJTNBJTVCJTVEJTdE\"><\/iframe>\n        <\/div>\n      <\/div>\n      <div class=\"u-align-left u-container-align-left u-container-style u-grey-70 u-group u-opacity u-opacity-90 u-group-1\">\n        <div class=\"u-container-layout u-container-layout-1\">\n          <h2 class=\"u-text u-text-1\">Na\u0161e klubovna<\/h2>\n          <p class=\"u-text u-text-2\">\u017d\u00e1rovick\u00e1 2732, Praha 9\u2013\u00dajezd nad Lesy<\/p>\n          <p class=\"u-text u-text-3\">Vstup z ulice \u017deretick\u00e1&nbsp;<\/p>\n        <\/div>\n      <\/div>\n    <\/section>\n    <section class=\"u-align-left u-clearfix u-container-align-left u-image u-shading u-section-6\" id=\"carousel_f87d\" style=\"background-image: linear-gradient(0deg, rgba(0, 0, 0, 0.4), rgba(0, 0, 0, 0.4)), url(&quot;https:\/\/douglaska.cz\/wp-content\/uploads\/2021\/05\/sx-min.jpg&quot;);\">\n      <div class=\"u-clearfix u-sheet u-sheet-1\">\n        <div class=\"data-layout-selected u-clearfix u-expanded-width u-layout-wrap u-layout-wrap-1\">\n          <div class=\"u-layout\">\n            <div class=\"u-layout-row\">\n              <div class=\"u-container-style u-layout-cell u-left-cell u-size-30 u-layout-cell-1\">\n                <div class=\"u-container-layout u-valign-top u-container-layout-1\">\n                  <h1 class=\"u-custom-font u-font-ubuntu u-text u-text-body-alt-color u-text-1\">Faktura\u010dn\u00ed \u00fadaje<\/h1>\n                <\/div>\n              <\/div>\n              <div class=\"u-container-style u-layout-cell u-right-cell u-size-30 u-layout-cell-2\">\n                <div class=\"u-container-layout u-valign-middle u-container-layout-2\">\n                  <p class=\"u-small-text u-text u-text-variant u-text-2\">N\u00e1zev: Jun\u00e1k - \u010desk\u00fd skaut, st\u0159edisko Douglaska Praha, z. s.<br>S\u00eddlo: \u017d\u00e1rovick\u00e1 2732, 19016 Praha - \u00dajezd nad Lesy<br>I\u010cO: 45251622<br>\n                    <br>\u010c\u00edslo \u00fa\u010dtu: 2601383501\/2010 veden\u00fd u Fio banky\n                  <\/p>\n                <\/div>\n              <\/div>\n            <\/div>\n          <\/div>\n        <\/div>\n        <a href=\"https:\/\/douglaska.cz\/vyrocni_zprava_2024_web.pdf\" class=\"u-border-2 u-border-white u-btn u-btn-round u-button-style u-file-link u-hover-grey-10 u-none u-radius-50 u-btn-1\">v\u00fdro\u010dn\u00ed zpr\u00e1va 2024 ke sta\u017een\u00ed<\/a>\n      <\/div>\n    <\/section>\n    \n    \n    \n    \n  \n","protected":false},"excerpt":{"rendered":"<p>Kontaktujte n\u00e1s D\u016fle\u017eit\u00e9 kontakty Pokud nev\u00edte na koho se obr\u00e1tit m\u016f\u017eete vyu\u017e\u00edt email douglaska.info@skaut.cz Jakub M\u00e1dr Hlavn\u00ed vedouc\u00ed st\u0159ediska &nbsp;+420 731 037 447 &nbsp;JAKUB.MADR@SKAUT.CZ Martin Dvo\u0159\u00e1k Z\u00e1stupce HV st\u0159ediska &nbsp;+420 721 613 267 &nbsp; &nbsp;MARTIN.DVORAK@SKAUT.CZ \u0160\u00e1rka T\u011b\u0161\u00ednsk\u00e1 Hospod\u00e1\u0159 &nbsp;+420 775 948 402 SARKA.TESINSKA@SKAUT.CZ Pro p\u0159ihl\u00e1\u0161en\u00ed do odd\u00edlu Kontaktujte p\u0159\u00edmo veden\u00ed odd\u00edl\u016f. 6-10 Kontaktujte vedouc\u00edho odd\u00edlu. &hellip; <a href=\"https:\/\/douglaska.cz\/?page_id=162\" class=\"more-link\">Continue reading<span class=\"screen-reader-text\"> &#8222;Kontaktujte n\u00e1s&#8220;<\/span><\/a><\/p>\n","protected":false},"author":2,"featured_media":0,"parent":0,"menu_order":4,"comment_status":"closed","ping_status":"closed","template":"","meta":{"footnotes":""},"class_list":["post-162","page","type-page","status-publish","hentry"],"_links":{"self":[{"href":"https:\/\/douglaska.cz\/index.php?rest_route=\/wp\/v2\/pages\/162","targetHints":{"allow":["GET"]}}],"collection":[{"href":"https:\/\/douglaska.cz\/index.php?rest_route=\/wp\/v2\/pages"}],"about":[{"href":"https:\/\/douglaska.cz\/index.php?rest_route=\/wp\/v2\/types\/page"}],"author":[{"embeddable":true,"href":"https:\/\/douglaska.cz\/index.php?rest_route=\/wp\/v2\/users\/2"}],"replies":[{"embeddable":true,"href":"https:\/\/douglaska.cz\/index.php?rest_route=%2Fwp%2Fv2%2Fcomments&post=162"}],"version-history":[{"count":16,"href":"https:\/\/douglaska.cz\/index.php?rest_route=\/wp\/v2\/pages\/162\/revisions"}],"predecessor-version":[{"id":850,"href":"https:\/\/douglaska.cz\/index.php?rest_route=\/wp\/v2\/pages\/162\/revisions\/850"}],"wp:attachment":[{"href":"https:\/\/douglaska.cz\/index.php?rest_route=%2Fwp%2Fv2%2Fmedia&parent=162"}],"curies":[{"name":"wp","href":"https:\/\/api.w.org\/{rel}","templated":true}]}}