{"id":160,"date":"2021-03-14T11:07:47","date_gmt":"2021-03-14T10:07:47","guid":{"rendered":"https:\/\/w.douglaska.cz\/?page_id=160"},"modified":"2026-03-31T08:20:57","modified_gmt":"2026-03-31T07:20:57","slug":"domu","status":"publish","type":"page","link":"https:\/\/douglaska.cz\/?page_id=160","title":{"rendered":"Dom\u016f"},"content":{"rendered":"\n    \n    <section class=\"u-align-center u-clearfix u-container-align-center u-image u-shading u-section-2\" src=\"\" id=\"sec-c1c5\" data-image-width=\"1525\" data-image-height=\"1017\" style=\"background-image: linear-gradient(0deg, rgba(0, 0, 0, 0.4), rgba(0, 0, 0, 0.4)), url(&quot;https:\/\/douglaska.cz\/wp-content\/uploads\/2021\/03\/vlajkovka-2.jpg&quot;);\">\n      <div class=\"u-clearfix u-sheet u-sheet-1\">\n        <h1 class=\"u-text u-title u-text-1\">Skautsk\u00e9 st\u0159edisko Douglaska<\/h1>\n        <p class=\"u-large-text u-text u-text-variant u-text-2\">Jun\u00e1k - \u010desk\u00fd skaut, st\u0159edisko Douglaska Praha, z. s.<\/p>\n      <\/div>\n    <\/section>\n    <section class=\"u-clearfix u-section-3\" id=\"sec-3e79\">\n      <div class=\"u-clearfix u-sheet u-sheet-1\">\n        <div class=\"u-clearfix u-expanded-width u-layout-wrap u-layout-wrap-1\">\n          <div class=\"u-layout\">\n            <div class=\"u-layout-row\">\n              <div class=\"u-container-style u-layout-cell u-size-20 u-layout-cell-1\" data-href=\"https:\/\/douglaska.cz\/?page_id=161\">\n                <div class=\"u-container-layout u-valign-bottom-lg u-valign-bottom-md u-valign-bottom-sm u-valign-bottom-xs u-container-layout-1\">\n                  <div alt=\"\" class=\"u-image u-image-circle u-preserve-proportions u-image-1\" data-image-width=\"172\" data-image-height=\"172\" data-animation-name=\"zoomIn\" data-animation-duration=\"1000\" data-animation-delay=\"0\" data-animation-direction=\"\" style=\"background-image: url(&quot;https:\/\/douglaska.cz\/wp-content\/uploads\/2021\/03\/znak-sidla-1.png&quot;);\"><\/div>\n                  <h2 class=\"u-align-center u-text u-text-1\">1. Koedukovan\u00fd odd\u00edl \u0160\u00eddla<\/h2>\n                <\/div>\n              <\/div>\n              <div class=\"u-container-style u-layout-cell u-size-20 u-layout-cell-2\" data-href=\"https:\/\/douglaska.cz\/?page_id=165\" title=\"Vidrholec\">\n                <div class=\"u-container-layout u-container-layout-2\">\n                  <div alt=\"\" class=\"u-align-center u-image u-image-circle u-preserve-proportions u-image-2\" data-image-width=\"172\" data-image-height=\"172\" data-animation-name=\"zoomIn\" data-animation-duration=\"1000\" data-animation-delay=\"0\" data-animation-direction=\"\" style=\"background-image: url(&quot;https:\/\/douglaska.cz\/wp-content\/uploads\/2021\/03\/vidrholeccccc-1.png&quot;);\"><\/div>\n                  <h2 class=\"u-align-center u-text u-text-2\">22. Chlapeck\u00fd odd\u00edl Vidrholec<\/h2>\n                <\/div>\n              <\/div>\n              <div class=\"u-container-style u-layout-cell u-size-20 u-layout-cell-3\" data-href=\"https:\/\/douglaska.cz\/?page_id=159\" title=\"Kasiopeja\">\n                <div class=\"u-container-layout u-container-layout-3\">\n                  <div alt=\"\" class=\"u-align-center u-image u-image-circle u-preserve-proportions u-image-3\" data-image-width=\"653\" data-image-height=\"660\" data-animation-name=\"zoomIn\" data-animation-duration=\"1000\" data-animation-delay=\"0\" data-animation-direction=\"\" style=\"background-image: url(&quot;https:\/\/douglaska.cz\/wp-content\/uploads\/2021\/11\/kasiopeja_barevnekopie.png&quot;);\"><\/div>\n                  <h2 class=\"u-align-center u-text u-text-3\">28. D\u00edv\u010d\u00ed odd\u00edl Kasiopeja<\/h2>\n                <\/div>\n              <\/div>\n            <\/div>\n          <\/div>\n        <\/div>\n      <\/div>\n    <\/section>\n    <section class=\"u-clearfix u-white u-section-4\" id=\"carousel_8742\">\n      <div class=\"u-clearfix u-expanded-width-lg u-expanded-width-md u-expanded-width-sm u-expanded-width-xs u-layout-wrap u-layout-wrap-1\">\n        <div class=\"u-layout\">\n          <div class=\"u-layout-row\">\n            <div class=\"u-align-left u-container-align-left u-container-style u-layout-cell u-left-cell u-size-30 u-layout-cell-1\">\n              <div class=\"u-container-layout u-valign-bottom u-container-layout-1\">\n                <h5 class=\"u-custom-font u-font-pt-sans u-text u-text-1\">Kdo jsme<\/h5>\n                <h1 class=\"u-custom-font u-font-roboto-condensed u-text u-text-palette-2-base u-text-2\">Douglaska<\/h1>\n                <p class=\"u-text u-text-3\">Skautsk\u00e9 st\u0159edisko Douglaska funguje v \u00dajezd\u011b nad Lesy od roku 1990. Za tu dobu pro\u0161lo rukama vedouc\u00edch spoustu d\u011bt\u00ed z Prahy i okol\u00ed. N\u011bkte\u0159\u00ed z nich u\u017e jsou d\u00e1vno dosp\u011bl\u00ed a maj\u00ed vlastn\u00ed rodiny, jin\u00ed studuj\u00ed vysok\u00e9 nebo st\u0159edn\u00ed \u0161koly a ti, kte\u0159\u00ed vydr\u017eeli, se nakonec sami stali vedouc\u00edmi a pod\u00edl\u00ed se na v\u00fdchov\u011b \u010dlen\u016f v n\u011bkter\u00e9m z na\u0161ich t\u0159\u00ed odd\u00edl\u016f. Sna\u017e\u00edme se v\u00e9st d\u011bti ke spolupr\u00e1ci a fungov\u00e1n\u00ed v kolektivu, probouz\u00edme vztah k p\u0159\u00edrod\u011b a vlasti a db\u00e1me na samostatnost a odpov\u011bdnost za sv\u00e9 \u010diny. Z\u00e1rove\u0148 je na\u0161\u00edm c\u00edlem uk\u00e1zat d\u011btem, \u017ee ka\u017ed\u00fd jsme jin\u00fd a pom\u00e1hat jim rozv\u00edjet se v tom, co je bav\u00ed. V\u0161e se sna\u017e\u00edme holk\u00e1m a kluk\u016fm v\u0161t\u00edpit formou her a aktivit, \u010dasto podnik\u00e1me v\u00fdpravy do m\u011bsta i p\u0159\u00edrody. V\u011b\u0159\u00edme, \u017ee z na\u0161ich \u010dlen\u016f vyrostou \u010destn\u00ed a spravedliv\u00ed lid\u00e9 a \u017ee ve skautu z\u00edskaj\u00ed spoustu zku\u0161enost\u00ed pro sv\u016fj budouc\u00ed \u017eivot.<\/p>\n                <p class=\"u-text u-text-black u-text-4\">\u0159\u00edk\u00e1 o st\u0159edisku hlavn\u00ed vedouc\u00ed Martin Pro\u0161ek<\/p>\n              <\/div>\n            <\/div>\n            <div class=\"u-align-right u-container-align-right u-container-style u-image u-layout-cell u-right-cell u-size-30 u-image-1\" style=\"background-image: url(&quot;https:\/\/douglaska.cz\/wp-content\/uploads\/2021\/03\/Untitled-1-min1-1.jpg&quot;);\">\n              <div class=\"u-container-layout u-valign-bottom u-container-layout-2\"><\/div>\n            <\/div>\n          <\/div>\n        <\/div>\n      <\/div>\n    <\/section>\n    <section class=\"u-clearfix u-image u-shading u-section-5\" src=\"\" data-image-width=\"1600\" data-image-height=\"1200\" id=\"sec-ce76\" style=\"background-image: linear-gradient(0deg, rgba(0, 0, 0, 0.35), rgba(0, 0, 0, 0.35)), url(&quot;https:\/\/douglaska.cz\/wp-content\/uploads\/2021\/03\/DJI00536-1.jpg&quot;);\">\n      <div class=\"u-clearfix u-sheet u-valign-middle-lg u-valign-middle-xl u-sheet-1\">\n        <div class=\"u-expanded-width-md u-expanded-width-sm u-expanded-width-xs u-list u-list-1\">\n          <div class=\"u-repeater u-repeater-1\">\n            <div class=\"u-align-center u-container-align-center u-container-style u-list-item u-repeater-item\">\n              <div class=\"u-container-layout u-similar-container u-valign-top-sm u-valign-top-xl u-valign-top-xs u-container-layout-1\">\n                <h1 class=\"u-align-center u-text u-title u-text-1\" data-animation-name=\"counter\" data-animation-event=\"scroll\" data-animation-duration=\"3000\">140+<\/h1>\n                <p class=\"u-align-center-lg u-align-center-md u-align-center-sm u-align-center-xs u-text u-text-2\">Skautsk\u00fdch kamar\u00e1d\u016f<\/p>\n              <\/div>\n            <\/div>\n            <div class=\"u-align-center u-container-align-center u-container-style u-list-item u-repeater-item\">\n              <div class=\"u-container-layout u-similar-container u-valign-top-sm u-valign-top-xl u-valign-top-xs u-container-layout-2\">\n                <h1 class=\"u-align-center u-text u-title u-text-3\" data-animation-name=\"counter\" data-animation-event=\"scroll\" data-animation-duration=\"3000\">400+<\/h1>\n                <p class=\"u-align-center-lg u-align-center-md u-align-center-sm u-align-center-xs u-text u-text-4\">Sch\u016fzek ro\u010dn\u011b<\/p>\n              <\/div>\n            <\/div>\n            <div class=\"u-align-center u-container-align-center u-container-style u-list-item u-repeater-item\">\n              <div class=\"u-container-layout u-similar-container u-valign-top-sm u-valign-top-xl u-valign-top-xs u-container-layout-3\">\n                <h1 class=\"u-align-center u-text u-title u-text-5\" data-animation-name=\"counter\" data-animation-event=\"scroll\" data-animation-duration=\"3000\">30+<\/h1>\n                <p class=\"u-align-center-lg u-align-center-md u-align-center-sm u-align-center-xs u-text u-text-6\">odd\u00edlov\u00fdch akc\u00ed ro\u010dn\u011b<\/p>\n              <\/div>\n            <\/div>\n            <div class=\"u-align-center u-container-align-center u-container-style u-list-item u-repeater-item\">\n              <div class=\"u-container-layout u-similar-container u-valign-top-sm u-valign-top-xl u-valign-top-xs u-container-layout-4\">\n                <h1 class=\"u-align-center u-text u-title u-text-7\" data-animation-name=\"counter\" data-animation-event=\"scroll\" data-animation-duration=\"3000\">\u221e<\/h1>\n                <p class=\"u-align-center-lg u-align-center-md u-align-center-sm u-align-center-xs u-text u-text-8\">Nespo\u010det z\u00e1\u017eitk\u016f<\/p>\n              <\/div>\n            <\/div>\n          <\/div>\n        <\/div>\n      <\/div>\n    <\/section>\n    <section class=\"u-align-center u-clearfix u-container-align-center u-white u-section-6\" id=\"sec-0f93\">\n      <div class=\"u-clearfix u-sheet u-sheet-1\">\n        <h2 class=\"u-text u-text-1\">Ot\u00e1zky &amp; Odpov\u011bdi<\/h2>\n        <p class=\"u-text u-text-2\">Soubor \u010dasto kladen\u00fdc ot\u00e1zek, pokud svou odpov\u011b\u010f nenajdete kontaktujte n\u00e1s.<\/p>\n        <div class=\"u-accordion u-expanded-width u-faq u-spacing-10 u-accordion-1\" role=\"tablist\">\n          <div class=\"u-accordion-item u-accordion-item-1\">\n            <a class=\"active u-accordion-link u-active-white u-button-style u-hover-white u-white u-accordion-link-1\" id=\"link-accordion-23e7\" aria-controls=\"accordion-23e7\" aria-selected=\"true\" role=\"tab\"><span class=\"u-accordion-link-text\">Kdy jsou sch\u016fzky m\u00e9 dru\u017einy?<\/span><span class=\"u-accordion-link-icon u-icon u-icon-circle u-text-palette-1-base u-icon-1\"><svg class=\"u-svg-link\" preserveAspectRatio=\"xMidYMin slice\" viewBox=\"0 0 16 16\" style=\"\"><use xlink:href=\"#svg-07da\"><\/use><\/svg><svg xmlns=\"http:\/\/www.w3.org\/2000\/svg\" xmlns:xlink=\"http:\/\/www.w3.org\/1999\/xlink\" version=\"1.1\" xml:space=\"preserve\" class=\"u-svg-content\" viewBox=\"0 0 16 16\" x=\"0px\" y=\"0px\" id=\"svg-07da\"><path d=\"M8,10.7L1.6,5.3c-0.4-0.4-1-0.4-1.3,0c-0.4,0.4-0.4,0.9,0,1.3l7.2,6.1c0.1,0.1,0.4,0.2,0.6,0.2s0.4-0.1,0.6-0.2l7.1-6\n\tc0.4-0.4,0.4-0.9,0-1.3c-0.4-0.4-1-0.4-1.3,0L8,10.7z\"><\/path><\/svg><\/span>\n            <\/a>\n            <div class=\"u-accordion-active u-accordion-pane u-container-style u-expanded-width u-white u-accordion-pane-1\" id=\"accordion-23e7\" aria-labelledby=\"link-accordion-23e7\" role=\"tabpanel\">\n              <div class=\"u-container-layout u-container-layout-1\">\n                <div class=\"fr-view u-clearfix u-rich-text u-text\">\n                  <p>V\u0161echny pravideln\u00e9 sch\u016fzky nalznete na n\u00e1sleduj\u00edc\u00edch odkazech: <a class=\"u-active-none u-border-none u-btn u-button-style u-hover-none u-none u-text-palette-1-base u-btn-1\" href=\"https:\/\/douglaska.cz\/?page_id=159\">Kasiopeja<\/a>, <a class=\"u-active-none u-border-none u-btn u-button-style u-hover-none u-none u-text-palette-1-base u-btn-2\" href=\"https:\/\/douglaska.cz\/?page_id=165\">Vidrholec<\/a>, <a class=\"u-active-none u-border-none u-btn u-button-style u-hover-none u-none u-text-palette-1-base u-btn-3\" href=\"https:\/\/douglaska.cz\/?page_id=161\">\u0160\u00eddla<\/a>\n                  <\/p>\n                <\/div>\n              <\/div>\n            <\/div>\n          <\/div>\n          <div class=\"u-accordion-item u-accordion-item-2\">\n            <a class=\"u-accordion-link u-active-white u-button-style u-hover-white u-white u-accordion-link-2\" id=\"link-accordion-7d78\" aria-controls=\"accordion-7d78\" aria-selected=\"false\" role=\"tab\"><span class=\"u-accordion-link-text\">Kde mohu koupit kroj\/ostatn\u00ed skautsk\u00e9 vybaven\u00ed?<\/span><span class=\"u-accordion-link-icon u-icon u-icon-circle u-text-palette-1-base u-icon-2\"><svg class=\"u-svg-link\" preserveAspectRatio=\"xMidYMin slice\" viewBox=\"0 0 16 16\" style=\"\"><use xlink:href=\"#svg-3c9c\"><\/use><\/svg><svg xmlns=\"http:\/\/www.w3.org\/2000\/svg\" xmlns:xlink=\"http:\/\/www.w3.org\/1999\/xlink\" version=\"1.1\" xml:space=\"preserve\" class=\"u-svg-content\" viewBox=\"0 0 16 16\" x=\"0px\" y=\"0px\" id=\"svg-3c9c\"><path d=\"M8,10.7L1.6,5.3c-0.4-0.4-1-0.4-1.3,0c-0.4,0.4-0.4,0.9,0,1.3l7.2,6.1c0.1,0.1,0.4,0.2,0.6,0.2s0.4-0.1,0.6-0.2l7.1-6\n\tc0.4-0.4,0.4-0.9,0-1.3c-0.4-0.4-1-0.4-1.3,0L8,10.7z\"><\/path><\/svg><\/span>\n            <\/a>\n            <div class=\"u-accordion-pane u-container-style u-expanded-width u-white u-accordion-pane-2\" id=\"accordion-7d78\" aria-labelledby=\"link-accordion-7d78\" role=\"tabpanel\">\n              <div class=\"u-container-layout u-container-layout-2\">\n                <div class=\"fr-view u-clearfix u-rich-text u-text\">\n                  <p>V\u0161e pot\u0159ebn\u00e9 se\u017eenete v obchod\u011b JUNSHOP. Ve\u0161ker\u00e9 informace naleznete v na\u0161em \u010dl\u00e1nku&nbsp;<a class=\"u-active-none u-border-none u-btn u-button-style u-hover-none u-none u-text-palette-1-base u-btn-4\" href=\"https:\/\/douglaska.cz\/?p=217\"> zde<\/a>.\n                  <\/p>\n                <\/div>\n              <\/div>\n            <\/div>\n          <\/div>\n          <div class=\"u-accordion-item u-accordion-item-3\">\n            <a class=\"u-accordion-link u-active-white u-button-style u-hover-white u-white u-accordion-link-3\" id=\"link-accordion-4d10\" aria-controls=\"accordion-4d10\" aria-selected=\"false\" role=\"tab\"><span class=\"u-accordion-link-text\">Jak m\u00e1m postupovat p\u0159i p\u0159ihl\u00e1\u0161en\u00ed d\u00edt\u011bte do odd\u00edlu?<\/span><span class=\"u-accordion-link-icon u-icon u-icon-circle u-text-palette-1-base u-icon-3\"><svg class=\"u-svg-link\" preserveAspectRatio=\"xMidYMin slice\" viewBox=\"0 0 16 16\" style=\"\"><use xlink:href=\"#svg-d99d\"><\/use><\/svg><svg xmlns=\"http:\/\/www.w3.org\/2000\/svg\" xmlns:xlink=\"http:\/\/www.w3.org\/1999\/xlink\" version=\"1.1\" xml:space=\"preserve\" class=\"u-svg-content\" viewBox=\"0 0 16 16\" x=\"0px\" y=\"0px\" id=\"svg-d99d\"><path d=\"M8,10.7L1.6,5.3c-0.4-0.4-1-0.4-1.3,0c-0.4,0.4-0.4,0.9,0,1.3l7.2,6.1c0.1,0.1,0.4,0.2,0.6,0.2s0.4-0.1,0.6-0.2l7.1-6\n\tc0.4-0.4,0.4-0.9,0-1.3c-0.4-0.4-1-0.4-1.3,0L8,10.7z\"><\/path><\/svg><\/span>\n            <\/a>\n            <div class=\"u-accordion-pane u-container-style u-expanded-width u-white u-accordion-pane-3\" id=\"accordion-4d10\" aria-labelledby=\"link-accordion-4d10\" role=\"tabpanel\">\n              <div class=\"u-container-layout u-container-layout-3\">\n                <div class=\"fr-view u-clearfix u-rich-text u-text\">\n                  <p>Kontaktujte vedouc\u00edho toho odd\u00edlu o kter\u00fd m\u00e1te z\u00e1jem. Kontakty naleznete na str\u00e1nk\u00e1ch jednotliv\u00fdch odd\u00edl\u016f. M\u016f\u017eete tak\u00e9 vyu\u017e\u00edt webov\u00e9ho formul\u00e1\u0159e na str\u00e1nk\u00e1ch odd\u00edl\u016f. <a class=\"u-active-none u-border-none u-btn u-button-style u-hover-none u-none u-text-palette-1-base u-btn-5\" href=\"https:\/\/douglaska.cz\/?page_id=161\">\u0160\u00cdDLA<\/a>, <a class=\"u-active-none u-border-none u-btn u-button-style u-hover-none u-none u-text-palette-1-base u-btn-6\" href=\"https:\/\/douglaska.cz\/?page_id=165\">VIDRHOLEC<\/a>, <a class=\"u-active-none u-border-none u-btn u-button-style u-hover-none u-none u-text-palette-1-base u-btn-7\" href=\"https:\/\/douglaska.cz\/?page_id=159\">KASIOPEJA<\/a>\n                  <\/p>\n                <\/div>\n              <\/div>\n            <\/div>\n          <\/div>\n          <div class=\"u-accordion-item u-accordion-item-4\">\n            <a class=\"u-accordion-link u-active-white u-button-style u-hover-white u-white u-accordion-link-4\" id=\"link-accordion-3780\" aria-controls=\"accordion-3780\" aria-selected=\"false\" role=\"tab\"><span class=\"u-accordion-link-text\">Kde najdu slevov\u00fd k\u00f3d do obchodu JUN-SHOP<\/span><span class=\"u-accordion-link-icon u-icon u-icon-circle u-text-palette-1-base u-icon-4\"><svg class=\"u-svg-link\" preserveAspectRatio=\"xMidYMin slice\" viewBox=\"0 0 16 16\" style=\"\"><use xlink:href=\"#svg-287e\"><\/use><\/svg><svg xmlns=\"http:\/\/www.w3.org\/2000\/svg\" xmlns:xlink=\"http:\/\/www.w3.org\/1999\/xlink\" version=\"1.1\" xml:space=\"preserve\" class=\"u-svg-content\" viewBox=\"0 0 16 16\" x=\"0px\" y=\"0px\" id=\"svg-287e\"><path d=\"M8,10.7L1.6,5.3c-0.4-0.4-1-0.4-1.3,0c-0.4,0.4-0.4,0.9,0,1.3l7.2,6.1c0.1,0.1,0.4,0.2,0.6,0.2s0.4-0.1,0.6-0.2l7.1-6\n\tc0.4-0.4,0.4-0.9,0-1.3c-0.4-0.4-1-0.4-1.3,0L8,10.7z\"><\/path><\/svg><\/span>\n            <\/a>\n            <div class=\"u-accordion-pane u-container-style u-expanded-width u-white u-accordion-pane-4\" id=\"accordion-3780\" aria-labelledby=\"link-accordion-3780\" role=\"tabpanel\">\n              <div class=\"u-container-layout u-container-layout-4\">\n                <div class=\"fr-view u-clearfix u-rich-text u-text\">\n                  <p><span style=\"font-weight: 700;\">58674670411&nbsp;<\/span>je slevov\u00fd k\u00f3d na\u0161eho st\u0159ediska. Lze jej uplatnit v kamenn\u00e9 prodejn\u011b nebo na <a class=\"u-active-none u-border-none u-btn u-button-style u-hover-none u-none u-text-palette-1-base u-btn-8\" href=\"https:\/\/www.junshop.cz\/\">e-shopu<\/a>. Po uplatn\u011bn\u00ed z\u00edsk\u00e1te slevu 10%.\n                  <\/p>\n                <\/div>\n              <\/div>\n            <\/div>\n          <\/div>\n          <div class=\"u-accordion-item u-accordion-item-5\">\n            <a class=\"u-accordion-link u-active-white u-button-style u-hover-white u-white u-accordion-link-5\" id=\"link-accordion-4f58\" aria-controls=\"accordion-4f58\" aria-selected=\"false\" role=\"tab\"><span class=\"u-accordion-link-text\">Kde najdu \u010d\u00edslo \u00fa\u010dtu?\/Jak m\u00e1m zaplatit za....?<\/span><span class=\"u-accordion-link-icon u-icon u-icon-circle u-text-palette-1-base u-icon-5\"><svg class=\"u-svg-link\" preserveAspectRatio=\"xMidYMin slice\" viewBox=\"0 0 16 16\" style=\"\"><use xlink:href=\"#svg-cc52\"><\/use><\/svg><svg xmlns=\"http:\/\/www.w3.org\/2000\/svg\" xmlns:xlink=\"http:\/\/www.w3.org\/1999\/xlink\" version=\"1.1\" xml:space=\"preserve\" class=\"u-svg-content\" viewBox=\"0 0 16 16\" x=\"0px\" y=\"0px\" id=\"svg-cc52\"><path d=\"M8,10.7L1.6,5.3c-0.4-0.4-1-0.4-1.3,0c-0.4,0.4-0.4,0.9,0,1.3l7.2,6.1c0.1,0.1,0.4,0.2,0.6,0.2s0.4-0.1,0.6-0.2l7.1-6\n\tc0.4-0.4,0.4-0.9,0-1.3c-0.4-0.4-1-0.4-1.3,0L8,10.7z\"><\/path><\/svg><\/span>\n            <\/a>\n            <div class=\"u-accordion-pane u-container-style u-expanded-width u-white u-accordion-pane-5\" id=\"accordion-4f58\" aria-labelledby=\"link-accordion-4f58\" role=\"tabpanel\">\n              <div class=\"u-container-layout u-container-layout-5\">\n                <div class=\"fr-view u-clearfix u-rich-text u-text\">\n                  <p>\u010c\u00edslo \u00fa\u010dtu: <span style=\"font-weight: 700;\">2601383501\/2010<\/span> veden\u00fd u Fio banky. U platby uve\u010fte rodn\u00e9 \u010d\u00edslo d\u00edt\u011bte jako variabiln\u00ed symbol. P\u0159i platb\u011b za v\u00edce \u010dlen\u016f v\u017edy uve\u010fte jm\u00e9na do pozn\u00e1mky.\n                  <\/p>\n                <\/div>\n              <\/div>\n            <\/div>\n          <\/div>\n        <\/div>\n      <\/div>\n    <\/section>\n    <section class=\"u-clearfix u-section-7\" id=\"sec-5008\">\n      <div class=\"u-clearfix u-custom-html u-expanded-width u-custom-html-1\">\n        <iframe loading=\"lazy\" src=\"https:\/\/calendar.google.com\/calendar\/embed?height=600&amp;wkst=2&amp;ctz=Europe%2FPrague&amp;bgcolor=%23ffffff&amp;showTitle=0&amp;showTabs=0&amp;showPrint=0&amp;title=Hromadny&amp;src=Y185OTYzMWUxYmJjZDVkNjgyOWRhZWYwY2EwNTY4NDQ3NmQyYmQ1MjE1ZjU4NjBmZjk2ZmQ0MGRhOTFlMzZlMTk0QGdyb3VwLmNhbGVuZGFyLmdvb2dsZS5jb20&amp;src=Y183aTlzOGY4dDc0aDEybGIyYmI3aWRxOG1lc0Bncm91cC5jYWxlbmRhci5nb29nbGUuY29t&amp;src=Y18xYmFkOGNkOTRhMTMxZjg5OTdlOGI3ZjJlYmMyNzExOTRhMDEyYzc0OTdiYjdlNTViYjIzMzQxZGFlMzMzZGNkQGdyb3VwLmNhbGVuZGFyLmdvb2dsZS5jb20&amp;src=Y183NGU3YzQ1ZTA3NjI4ZjhiMTMxMzA2OWY5ZTU0YzIzYzY1MmE0M2U5YzRlZmQyYjVhMDdjZmYxYjY1YWUzYTE1QGdyb3VwLmNhbGVuZGFyLmdvb2dsZS5jb20&amp;color=%23D50000&amp;color=%23000000&amp;color=%2333B679&amp;color=%23F09300\" style=\"border:solid 1px #777\" width=\"800\" height=\"600\" frameborder=\"0\" scrolling=\"no\"><\/iframe>\n      <\/div>\n    <\/section>\n    <section class=\"u-clearfix u-section-8\" id=\"sec-ff2f\">\n      <div class=\"u-clearfix u-sheet u-valign-middle u-sheet-1\">\n        <div class=\"u-clearfix u-expanded-width u-layout-wrap u-layout-wrap-1\">\n          <div class=\"u-layout\">\n            <div class=\"u-layout-row\">\n              <div class=\"u-container-style u-layout-cell u-size-15 u-size-30-md u-layout-cell-1\">\n                <div class=\"u-container-layout u-valign-middle u-container-layout-1\">\n                  <p class=\"u-align-center u-text u-text-1\">ST\u0158EDISKOV\u00dd - DOUGLASKA<\/p>\n                <\/div>\n              <\/div>\n              <div class=\"u-container-style u-layout-cell u-size-15 u-size-30-md u-layout-cell-2\">\n                <div class=\"u-container-layout u-container-layout-2\">\n                  <p class=\"u-align-center u-text u-text-palette-1-base u-text-2\">KOEDUKOVAN\u00dd - \u0160\u00cdDLA<\/p>\n                <\/div>\n              <\/div>\n              <div class=\"u-container-style u-layout-cell u-size-15 u-size-30-md u-layout-cell-3\">\n                <div class=\"u-container-layout u-valign-middle u-container-layout-3\">\n                  <p class=\"u-align-center u-text u-text-custom-color-4 u-text-3\">CHLAPECK\u00dd - VIDRHOLEC<\/p>\n                <\/div>\n              <\/div>\n              <div class=\"u-container-style u-layout-cell u-size-15 u-size-30-md u-layout-cell-4\">\n                <div class=\"u-container-layout u-container-layout-4\">\n                  <p class=\"u-align-center u-text u-text-palette-2-base u-text-4\">D\u00cdV\u010c\u00cd - KASIOPEJA<\/p>\n                <\/div>\n              <\/div>\n            <\/div>\n          <\/div>\n        <\/div>\n      <\/div>\n    <\/section>\n    \n    \n    \n  \n","protected":false},"excerpt":{"rendered":"<p>Skautsk\u00e9 st\u0159edisko Douglaska Jun\u00e1k &#8211; \u010desk\u00fd skaut, st\u0159edisko Douglaska Praha, z. s. 1. Koedukovan\u00fd odd\u00edl \u0160\u00eddla 22. Chlapeck\u00fd odd\u00edl Vidrholec 28. D\u00edv\u010d\u00ed odd\u00edl Kasiopeja Kdo jsme Douglaska Skautsk\u00e9 st\u0159edisko Douglaska funguje v \u00dajezd\u011b nad Lesy od roku 1990. Za tu dobu pro\u0161lo rukama vedouc\u00edch spoustu d\u011bt\u00ed z Prahy i okol\u00ed. N\u011bkte\u0159\u00ed z nich u\u017e jsou &hellip; <a href=\"https:\/\/douglaska.cz\/?page_id=160\" class=\"more-link\">Continue reading<span class=\"screen-reader-text\"> &#8222;Dom\u016f&#8220;<\/span><\/a><\/p>\n","protected":false},"author":2,"featured_media":0,"parent":0,"menu_order":2,"comment_status":"closed","ping_status":"closed","template":"","meta":{"footnotes":""},"class_list":["post-160","page","type-page","status-publish","hentry"],"_links":{"self":[{"href":"https:\/\/douglaska.cz\/index.php?rest_route=\/wp\/v2\/pages\/160","targetHints":{"allow":["GET"]}}],"collection":[{"href":"https:\/\/douglaska.cz\/index.php?rest_route=\/wp\/v2\/pages"}],"about":[{"href":"https:\/\/douglaska.cz\/index.php?rest_route=\/wp\/v2\/types\/page"}],"author":[{"embeddable":true,"href":"https:\/\/douglaska.cz\/index.php?rest_route=\/wp\/v2\/users\/2"}],"replies":[{"embeddable":true,"href":"https:\/\/douglaska.cz\/index.php?rest_route=%2Fwp%2Fv2%2Fcomments&post=160"}],"version-history":[{"count":11,"href":"https:\/\/douglaska.cz\/index.php?rest_route=\/wp\/v2\/pages\/160\/revisions"}],"predecessor-version":[{"id":915,"href":"https:\/\/douglaska.cz\/index.php?rest_route=\/wp\/v2\/pages\/160\/revisions\/915"}],"wp:attachment":[{"href":"https:\/\/douglaska.cz\/index.php?rest_route=%2Fwp%2Fv2%2Fmedia&parent=160"}],"curies":[{"name":"wp","href":"https:\/\/api.w.org\/{rel}","templated":true}]}}